{"id":974,"date":"2024-03-03T15:56:52","date_gmt":"2024-03-03T21:56:52","guid":{"rendered":"https:\/\/farma.gt\/?post_type=product&#038;p=974"},"modified":"2025-02-17T19:48:15","modified_gmt":"2025-02-18T01:48:15","slug":"kamillosan-spray-30-ml","status":"publish","type":"product","link":"https:\/\/farma.gt\/?product=kamillosan-spray-30-ml","title":{"rendered":"Kamillosan Spray 30 ml"},"content":{"rendered":"<p><strong>KAMILLOSAN MOUTH SPRAY<\/strong><\/p>\n<p>Solucion en espray para la pulverizacion bucal<\/p>\n<p>INDICACIONES<br \/>\nPara el tratamiento de todas la enfermedades inflamatorias del \u00e1rea bucal y de la faringe. En caso de infecci\u00f3n seguir adem\u00e1s tratamiento con antibi\u00f3tico. Infecci\u00f3n aguda de enc\u00edas, molestias despu\u00e9s de una extracci\u00f3n de dientes, molestias de las mucosas debido a las pr\u00f3tesis dentales, laringitis.<\/p>\n<p>KAMILLOSAN SPRAY: Kamillosan combina las propiedades antiinflamatorias de la manzanilla y el efecto antibacteriano de los aceites esenciales para crear una soluci\u00f3n en aerosol que es adecuada para aliviar el dolor de garganta<br \/>\nExtracto de manzana: apoya la capacidad de la piel para repararse a s\u00ed misma, fortalece los tejidos de la defensa natural de la boca, alivia la garganta y las v\u00edas respiratorias, y tiene un efecto calmante en la piel y el sistema digestivo<br \/>\nACEITES ESENCIALES: los aceites de menta y an\u00eds inhiben el crecimiento de bacterias y se sabe que tienen propiedades antivirales y antif\u00fangicas<br \/>\nUso despu\u00e9s de las comidas: ayuda a prevenir problemas de enc\u00edas y mantiene el aliento fresco<\/p>\n","protected":false},"excerpt":{"rendered":"<p><strong>KAMILLOSAN MOUTH SPRAY 30 ml<\/strong><\/p>\n<p>Para el tratamiento de todas la enfermedades inflamatorias del \u00e1rea bucal y de la faringe.<\/p>\n<p><strong>PRECIO: Q250 Quetzales<\/strong><\/p>\n<p><em>Compra en Farmacias Online de Guatemala: \u00a1Medicamentos de calidad a precios bajos! Ofertas diarias, entrega a domicilio y garant\u00eda de origen. \u00a1Ahorra ya!<\/em><\/p>\n","protected":false},"featured_media":1818,"comment_status":"open","ping_status":"closed","template":"","meta":{"neve_meta_sidebar":"","neve_meta_container":"","neve_meta_enable_content_width":"off","neve_meta_content_width":100,"neve_meta_title_alignment":"","neve_meta_author_avatar":"","neve_post_elements_order":"","neve_meta_disable_header":"","neve_meta_disable_footer":"","neve_meta_disable_title":"","neve_meta_reading_time":"","_themeisle_gutenberg_block_has_review":false,"neve_tabs_data":"","neve_override_tab_layout":""},"product_brand":[],"product_cat":[2040,2160],"product_tag":[],"class_list":{"0":"post-974","1":"product","2":"type-product","3":"status-publish","4":"has-post-thumbnail","6":"product_cat-analgesicos","7":"product_cat-skincare","9":"first","10":"instock","11":"sale","12":"sold-individually","13":"shipping-taxable","14":"purchasable","15":"product-type-simple"},"_links":{"self":[{"href":"https:\/\/farma.gt\/index.php?rest_route=\/wp\/v2\/product\/974","targetHints":{"allow":["GET"]}}],"collection":[{"href":"https:\/\/farma.gt\/index.php?rest_route=\/wp\/v2\/product"}],"about":[{"href":"https:\/\/farma.gt\/index.php?rest_route=\/wp\/v2\/types\/product"}],"replies":[{"embeddable":true,"href":"https:\/\/farma.gt\/index.php?rest_route=%2Fwp%2Fv2%2Fcomments&post=974"}],"wp:featuredmedia":[{"embeddable":true,"href":"https:\/\/farma.gt\/index.php?rest_route=\/wp\/v2\/media\/1818"}],"wp:attachment":[{"href":"https:\/\/farma.gt\/index.php?rest_route=%2Fwp%2Fv2%2Fmedia&parent=974"}],"wp:term":[{"taxonomy":"product_brand","embeddable":true,"href":"https:\/\/farma.gt\/index.php?rest_route=%2Fwp%2Fv2%2Fproduct_brand&post=974"},{"taxonomy":"product_cat","embeddable":true,"href":"https:\/\/farma.gt\/index.php?rest_route=%2Fwp%2Fv2%2Fproduct_cat&post=974"},{"taxonomy":"product_tag","embeddable":true,"href":"https:\/\/farma.gt\/index.php?rest_route=%2Fwp%2Fv2%2Fproduct_tag&post=974"}],"curies":[{"name":"wp","href":"https:\/\/api.w.org\/{rel}","templated":true}]}}