{"id":616,"date":"2024-01-02T08:23:52","date_gmt":"2024-01-02T14:23:52","guid":{"rendered":"https:\/\/farma.gt\/?post_type=product&#038;p=616"},"modified":"2025-02-17T21:03:36","modified_gmt":"2025-02-18T03:03:36","slug":"antiflu-des-nf-guatemala","status":"publish","type":"product","link":"https:\/\/farma.gt\/?product=antiflu-des-nf-guatemala","title":{"rendered":"Antiflu-Des NF 12 capsulas &#8211; Guatemala"},"content":{"rendered":"<p class=\"Normal\"><em><strong><span class=\"Rubros-azules\">DESCRIPCI\u00d3N:<\/span>\u00a0S\u00f3lo una tableta cada 8 horas.<\/strong><\/em><\/p>\n<p class=\"Bandos\">Antipir\u00e9tico, analg\u00e9sico, antihistam\u00ednico, descongestionante.<\/p>\n<p class=\"Normal\">Alivio al primer s\u00edntoma de la gripe o el resfr\u00edo: Fiebre, \u00a0Dolor de cuerpo, \u00a0Dolor de cabeza, Congesti\u00f3n nasal, Estornudo, Lagrimeo<\/p>\n<p>&nbsp;<\/p>\n<p class=\"Normal\"><em><strong><span class=\"Rubros-azules\">F\u00d3RMULA &#8211; <\/span>Cada C\u00c1PSULA contiene:<\/strong><\/em><\/p>\n<p class=\"Normal\">Maleato de clorfenamina 3 mg<\/p>\n<p class=\"Normal\">Clorhidrato de Fenilefrina 5 mg<\/p>\n<p class=\"Normal\">Paracetamol 350 mg<\/p>\n<p class=\"Normal\">Excipiente cbp 1 c\u00e1psula<\/p>\n<p>&nbsp;<\/p>\n<p><em><strong><span class=\"Rubros-azules\">INDICACIONES:<\/span>\u00a0<\/strong><\/em>Antihistam\u00ednico, descongestivo, antipir\u00e9tico y analg\u00e9sico, indicado como tratamiento en alivio sintom\u00e1tico de la gripe y el resfriado com\u00fan, tales como: secreci\u00f3n y congesti\u00f3n nasal, estornudos, lagrimeo, malestar general y cuerpo cortado, fiebre, dolor de cabeza y dolor de garganta.<\/p>\n<p>&nbsp;<\/p>\n<p class=\"Normal\"><em><strong><span class=\"Rubros-azules\">DOSIS Y MODO DE EMPLEO:<\/span><\/strong><\/em><\/p>\n<p class=\"Normal\">Adultos y ni\u00f1os mayores de 12 a\u00f1os: Tomar una c\u00e1psula cada 8 horas.<\/p>\n<p>&nbsp;<\/p>\n<p class=\"Normal\"><em><strong><span class=\"Rubros-azules\">USO PEDI\u00c1TRICO:<\/span> No se use en menores de 12 a\u00f1os.<\/strong><\/em><\/p>\n<p class=\"Normal\"><em><strong><span class=\"Rubros-azules\">V\u00cdA DE ADMINISTRACI\u00d3N:<\/span>\u00a0Oral.<\/strong><\/em><\/p>\n","protected":false},"excerpt":{"rendered":"<p>ANTIFLU-DES NF CAJA DE 12 UNIDADES<\/p>\n<p>Alivio r\u00e1pido de la gripe o el resfr\u00edo Fiebre, Dolor de cuerpo y todos los s\u00edntomas de la gripe.<\/p>\n<p><em><strong>PRECIO: Q100 Quetzales<\/strong><\/em><\/p>\n<p><em>Compra en Farmacias Online de Guatemala: \u00a1Medicamentos de calidad a precios bajos! Ofertas diarias, entrega a domicilio y garant\u00eda de satisfacci\u00f3n. \u00a1Compralo ya!<\/em><\/p>\n","protected":false},"featured_media":1812,"comment_status":"open","ping_status":"closed","template":"","meta":{"neve_meta_sidebar":"","neve_meta_container":"","neve_meta_enable_content_width":"off","neve_meta_content_width":100,"neve_meta_title_alignment":"","neve_meta_author_avatar":"","neve_post_elements_order":"","neve_meta_disable_header":"","neve_meta_disable_footer":"","neve_meta_disable_title":"","neve_meta_reading_time":"","_themeisle_gutenberg_block_has_review":false,"neve_tabs_data":"","neve_override_tab_layout":""},"product_brand":[],"product_cat":[16,2040],"product_tag":[],"class_list":{"0":"post-616","1":"product","2":"type-product","3":"status-publish","4":"has-post-thumbnail","6":"product_cat-sin-categorizar","7":"product_cat-analgesicos","9":"first","10":"instock","11":"sale","12":"sold-individually","13":"shipping-taxable","14":"purchasable","15":"product-type-simple"},"_links":{"self":[{"href":"https:\/\/farma.gt\/index.php?rest_route=\/wp\/v2\/product\/616","targetHints":{"allow":["GET"]}}],"collection":[{"href":"https:\/\/farma.gt\/index.php?rest_route=\/wp\/v2\/product"}],"about":[{"href":"https:\/\/farma.gt\/index.php?rest_route=\/wp\/v2\/types\/product"}],"replies":[{"embeddable":true,"href":"https:\/\/farma.gt\/index.php?rest_route=%2Fwp%2Fv2%2Fcomments&post=616"}],"wp:featuredmedia":[{"embeddable":true,"href":"https:\/\/farma.gt\/index.php?rest_route=\/wp\/v2\/media\/1812"}],"wp:attachment":[{"href":"https:\/\/farma.gt\/index.php?rest_route=%2Fwp%2Fv2%2Fmedia&parent=616"}],"wp:term":[{"taxonomy":"product_brand","embeddable":true,"href":"https:\/\/farma.gt\/index.php?rest_route=%2Fwp%2Fv2%2Fproduct_brand&post=616"},{"taxonomy":"product_cat","embeddable":true,"href":"https:\/\/farma.gt\/index.php?rest_route=%2Fwp%2Fv2%2Fproduct_cat&post=616"},{"taxonomy":"product_tag","embeddable":true,"href":"https:\/\/farma.gt\/index.php?rest_route=%2Fwp%2Fv2%2Fproduct_tag&post=616"}],"curies":[{"name":"wp","href":"https:\/\/api.w.org\/{rel}","templated":true}]}}